{"id":1073,"date":"2026-01-12T13:08:44","date_gmt":"2026-01-12T13:08:44","guid":{"rendered":"https:\/\/pelomundoportugues.com\/?page_id=1073"},"modified":"2026-01-21T12:46:50","modified_gmt":"2026-01-21T12:46:50","slug":"sobre","status":"publish","type":"page","link":"https:\/\/pelomundoportugues.com\/index.php\/sobre\/","title":{"rendered":"SOBRE"},"content":{"rendered":"\n<p><strong>Pelo Mundo Portugu\u00eas<\/strong> \u00e9 um projeto criado por <strong>Jorge Roma Correia<\/strong>, nascido de uma mente inquieta e de uma paix\u00e3o profunda pelas viagens, aliada a um forte interesse pela Hist\u00f3ria de Portugal. Esta iniciativa surge da vontade de unir essas duas vertentes, explorando o mundo em busca dos vest\u00edgios deixados pelos portugueses durante a \u00e9poca dos Descobrimentos.<\/p>\n\n\n\n<p>&#8220;Ao longo das minhas viagens, dedico-me a visitar fortalezas, castelos, entrepostos e cidades onde a presen\u00e7a portuguesa marcou a paisagem, a arquitetura e a cultura. Procuro compreender n\u00e3o apenas o passado desses locais, mas tamb\u00e9m a sua realidade atual, observando de que forma essa heran\u00e7a portuguesa permanece viva \u2014 ou esquecida \u2014 nos dias de hoje.<\/p>\n\n\n\n<p>Mais do que um simples blog de viagens, <strong>Pelo Mundo Portugu\u00eas<\/strong> pretende ser um espa\u00e7o de partilha, mem\u00f3ria e descoberta. Aqui apresento not\u00edcias sobre viagens e turismo no mundo lus\u00f3fono, bem como relatos pessoais das viagens que realizo pelos quatro cantos do mundo, dando a conhecer ao p\u00fablico lus\u00f3fono um patrim\u00f3nio hist\u00f3rico e cultural \u00fanico, fruto da presen\u00e7a portuguesa al\u00e9m-fronteiras.&#8221;<\/p>\n\n\n\n<p><\/p>\n","protected":false},"excerpt":{"rendered":"<p>Pelo Mundo Portugu\u00eas \u00e9 um projeto criado por Jorge Roma Correia, nascido de uma mente inquieta e de uma paix\u00e3o<\/p>\n","protected":false},"author":1,"featured_media":0,"parent":0,"menu_order":0,"comment_status":"closed","ping_status":"closed","template":"","meta":{"colormag_page_container_layout":"default_layout","colormag_page_sidebar_layout":"default_layout","footnotes":""},"class_list":["post-1073","page","type-page","status-publish","hentry"],"aioseo_notices":[],"magazineBlocksPostFeaturedMedia":{"thumbnail":false,"medium":false,"medium_large":false,"large":false,"1536x1536":false,"2048x2048":false,"colormag-highlighted-post":false,"colormag-featured-post-medium":false,"colormag-featured-post-small":false,"colormag-featured-image":false,"colormag-default-news":false,"colormag-featured-image-large":false},"magazineBlocksPostAuthor":{"name":"Jorge","avatar":"https:\/\/secure.gravatar.com\/avatar\/1da64bf764333396b17e0aef0ddcbc393e1d343a4c5ca65452c8b975e4138cff?s=96&d=mm&r=g"},"magazineBlocksPostCommentsNumber":false,"magazineBlocksPostExcerpt":"Pelo Mundo Portugu\u00eas \u00e9 um projeto criado por Jorge Roma Correia, nascido de uma mente inquieta e de uma paix\u00e3o","magazineBlocksPostCategories":[],"magazineBlocksPostViewCount":0,"magazineBlocksPostReadTime":1,"_links":{"self":[{"href":"https:\/\/pelomundoportugues.com\/index.php\/wp-json\/wp\/v2\/pages\/1073","targetHints":{"allow":["GET"]}}],"collection":[{"href":"https:\/\/pelomundoportugues.com\/index.php\/wp-json\/wp\/v2\/pages"}],"about":[{"href":"https:\/\/pelomundoportugues.com\/index.php\/wp-json\/wp\/v2\/types\/page"}],"author":[{"embeddable":true,"href":"https:\/\/pelomundoportugues.com\/index.php\/wp-json\/wp\/v2\/users\/1"}],"replies":[{"embeddable":true,"href":"https:\/\/pelomundoportugues.com\/index.php\/wp-json\/wp\/v2\/comments?post=1073"}],"version-history":[{"count":6,"href":"https:\/\/pelomundoportugues.com\/index.php\/wp-json\/wp\/v2\/pages\/1073\/revisions"}],"predecessor-version":[{"id":1140,"href":"https:\/\/pelomundoportugues.com\/index.php\/wp-json\/wp\/v2\/pages\/1073\/revisions\/1140"}],"wp:attachment":[{"href":"https:\/\/pelomundoportugues.com\/index.php\/wp-json\/wp\/v2\/media?parent=1073"}],"curies":[{"name":"wp","href":"https:\/\/api.w.org\/{rel}","templated":true}]}}